{"id":191,"date":"2021-03-17T18:59:06","date_gmt":"2021-03-17T17:59:06","guid":{"rendered":"http:\/\/tecss-bc.eu\/?page_id=191"},"modified":"2021-03-24T17:07:48","modified_gmt":"2021-03-24T16:07:48","slug":"elementor-191","status":"publish","type":"page","link":"https:\/\/tecss-bc.eu\/?page_id=191","title":{"rendered":"SALLE BLANCHE"},"content":{"rendered":"\t\t<div data-elementor-type=\"wp-post\" data-elementor-id=\"191\" class=\"elementor elementor-191\">\n\t\t\t\t\t\t\t\t\t<section class=\"elementor-section elementor-top-section elementor-element elementor-element-97dfeae elementor-section-boxed elementor-section-height-default elementor-section-height-default\" data-id=\"97dfeae\" data-element_type=\"section\">\n\t\t\t\t\t\t<div class=\"elementor-container elementor-column-gap-default\">\n\t\t\t\t\t<div class=\"elementor-column elementor-col-100 elementor-top-column elementor-element elementor-element-dbf1a49\" data-id=\"dbf1a49\" data-element_type=\"column\">\n\t\t\t<div class=\"elementor-widget-wrap elementor-element-populated\">\n\t\t\t\t\t\t\t\t<div class=\"elementor-element elementor-element-f64b357 elementor-widget elementor-widget-heading\" data-id=\"f64b357\" data-element_type=\"widget\" data-widget_type=\"heading.default\">\n\t\t\t\t<div class=\"elementor-widget-container\">\n\t\t\t<h2 class=\"elementor-heading-title elementor-size-default\">La norme ISO 14644-1<\/h2>\t\t<\/div>\n\t\t\t\t<\/div>\n\t\t\t\t\t<\/div>\n\t\t<\/div>\n\t\t\t\t\t\t\t<\/div>\n\t\t<\/section>\n\t\t\t\t<section class=\"elementor-section elementor-top-section elementor-element elementor-element-616c5b2e elementor-section-content-middle elementor-section-boxed elementor-section-height-default elementor-section-height-default\" data-id=\"616c5b2e\" data-element_type=\"section\" data-settings=\"{&quot;background_background&quot;:&quot;classic&quot;}\">\n\t\t\t\t\t\t<div class=\"elementor-container elementor-column-gap-no\">\n\t\t\t\t\t<div class=\"elementor-column elementor-col-50 elementor-top-column elementor-element elementor-element-54ab5518\" data-id=\"54ab5518\" data-element_type=\"column\">\n\t\t\t<div class=\"elementor-widget-wrap elementor-element-populated\">\n\t\t\t\t\t\t\t\t<div class=\"elementor-element elementor-element-18d77429 elementor-widget elementor-widget-image\" data-id=\"18d77429\" data-element_type=\"widget\" data-widget_type=\"image.default\">\n\t\t\t\t<div class=\"elementor-widget-container\">\n\t\t\t\t\t\t\t\t\t\t\t\t<figure class=\"wp-caption\">\n\t\t\t\t\t\t\t\t\t\t<img width=\"300\" height=\"225\" src=\"https:\/\/tecss-bc.eu\/wp-content\/uploads\/2021\/03\/banc-tabouret-2-300x225.jpg\" class=\"elementor-animation-shrink attachment-medium size-medium wp-image-95\" alt=\"\" loading=\"lazy\" srcset=\"https:\/\/tecss-bc.eu\/wp-content\/uploads\/2021\/03\/banc-tabouret-2-300x225.jpg 300w, https:\/\/tecss-bc.eu\/wp-content\/uploads\/2021\/03\/banc-tabouret-2-1024x768.jpg 1024w, https:\/\/tecss-bc.eu\/wp-content\/uploads\/2021\/03\/banc-tabouret-2-768x576.jpg 768w, https:\/\/tecss-bc.eu\/wp-content\/uploads\/2021\/03\/banc-tabouret-2-1536x1152.jpg 1536w, https:\/\/tecss-bc.eu\/wp-content\/uploads\/2021\/03\/banc-tabouret-2-2048x1536.jpg 2048w\" sizes=\"(max-width: 300px) 100vw, 300px\" \/>\t\t\t\t\t\t\t\t\t\t\t<figcaption class=\"widget-image-caption wp-caption-text\">Mobilier adapt\u00e9 - TECSS-B&amp;C<\/figcaption>\n\t\t\t\t\t\t\t\t\t\t<\/figure>\n\t\t\t\t\t\t\t\t\t<\/div>\n\t\t\t\t<\/div>\n\t\t\t\t\t<\/div>\n\t\t<\/div>\n\t\t\t\t<div class=\"elementor-column elementor-col-50 elementor-top-column elementor-element elementor-element-1283e47f\" data-id=\"1283e47f\" data-element_type=\"column\">\n\t\t\t<div class=\"elementor-widget-wrap elementor-element-populated\">\n\t\t\t\t\t\t\t\t<div class=\"elementor-element elementor-element-77556611 elementor-widget elementor-widget-heading\" data-id=\"77556611\" data-element_type=\"widget\" data-widget_type=\"heading.default\">\n\t\t\t\t<div class=\"elementor-widget-container\">\n\t\t\t<h1 class=\"elementor-heading-title elementor-size-small\">Salle blanche<\/h1>\t\t<\/div>\n\t\t\t\t<\/div>\n\t\t\t\t<div class=\"elementor-element elementor-element-185ebbc4 elementor-drop-cap-yes elementor-drop-cap-view-default elementor-widget elementor-widget-text-editor\" data-id=\"185ebbc4\" data-element_type=\"widget\" data-settings=\"{&quot;drop_cap&quot;:&quot;yes&quot;}\" data-widget_type=\"text-editor.default\">\n\t\t\t\t<div class=\"elementor-widget-container\">\n\t\t\t\t\t\t\t<p><strong>La salle blanche est en fait une salle propre qui r\u00e9pond \u00e0 la norme ISO 14644-1. Il s&rsquo;agit d&rsquo;une pi\u00e8ce ou d&rsquo;une s\u00e9rie de pi\u00e8ces o\u00f9 la concentration particulaire est minimale et ma\u00eetris\u00e9e. On retrouve ce type de pi\u00e8ce g\u00e9n\u00e9rale au niveau industriel ou au niveau de la recherche scientifique.\u00a0Il s\u2019agit d\u2019une pi\u00e8ce herm\u00e9tique \u00e0 son environnement ext\u00e9rieur. Chaque composante de l\u2019environnement \u00e0 l\u2019int\u00e9rieur de cette salle y est parfaitement ma\u00eetris\u00e9e pour assurer une ambiance propice \u00e0 la bonne production d\u2019un produit : concentration particulaire, pression, humidit\u00e9, temp\u00e9rature \u2026 Rien n\u2019y est laiss\u00e9 au hasard.<\/strong><\/p>\t\t\t\t\t\t<\/div>\n\t\t\t\t<\/div>\n\t\t\t\t\t<\/div>\n\t\t<\/div>\n\t\t\t\t\t\t\t<\/div>\n\t\t<\/section>\n\t\t\t\t<section class=\"elementor-section elementor-top-section elementor-element elementor-element-9b31324 elementor-section-boxed elementor-section-height-default elementor-section-height-default\" data-id=\"9b31324\" data-element_type=\"section\">\n\t\t\t\t\t\t<div class=\"elementor-container elementor-column-gap-default\">\n\t\t\t\t\t<div class=\"elementor-column elementor-col-33 elementor-top-column elementor-element elementor-element-1df5bd9\" data-id=\"1df5bd9\" data-element_type=\"column\">\n\t\t\t<div class=\"elementor-widget-wrap elementor-element-populated\">\n\t\t\t\t\t\t\t\t<div class=\"elementor-element elementor-element-7a761a9 elementor-widget elementor-widget-image\" data-id=\"7a761a9\" data-element_type=\"widget\" data-widget_type=\"image.default\">\n\t\t\t\t<div class=\"elementor-widget-container\">\n\t\t\t\t\t\t\t\t\t\t\t\t<figure class=\"wp-caption\">\n\t\t\t\t\t\t\t\t\t\t<img width=\"1024\" height=\"768\" src=\"https:\/\/tecss-bc.eu\/wp-content\/uploads\/2021\/03\/IMG_0587-1-1024x768.jpg\" class=\"elementor-animation-shrink attachment-large size-large wp-image-543\" alt=\"\" loading=\"lazy\" srcset=\"https:\/\/tecss-bc.eu\/wp-content\/uploads\/2021\/03\/IMG_0587-1-1024x768.jpg 1024w, https:\/\/tecss-bc.eu\/wp-content\/uploads\/2021\/03\/IMG_0587-1-300x225.jpg 300w, https:\/\/tecss-bc.eu\/wp-content\/uploads\/2021\/03\/IMG_0587-1-768x576.jpg 768w, https:\/\/tecss-bc.eu\/wp-content\/uploads\/2021\/03\/IMG_0587-1-1536x1152.jpg 1536w, https:\/\/tecss-bc.eu\/wp-content\/uploads\/2021\/03\/IMG_0587-1-2048x1536.jpg 2048w\" sizes=\"(max-width: 1024px) 100vw, 1024px\" \/>\t\t\t\t\t\t\t\t\t\t\t<figcaption class=\"widget-image-caption wp-caption-text\">Tecss-b&amp;c<\/figcaption>\n\t\t\t\t\t\t\t\t\t\t<\/figure>\n\t\t\t\t\t\t\t\t\t<\/div>\n\t\t\t\t<\/div>\n\t\t\t\t\t<\/div>\n\t\t<\/div>\n\t\t\t\t<div class=\"elementor-column elementor-col-33 elementor-top-column elementor-element elementor-element-1d1f753\" data-id=\"1d1f753\" data-element_type=\"column\">\n\t\t\t<div class=\"elementor-widget-wrap elementor-element-populated\">\n\t\t\t\t\t\t\t\t<div class=\"elementor-element elementor-element-783f0ba elementor-widget elementor-widget-image\" data-id=\"783f0ba\" data-element_type=\"widget\" data-widget_type=\"image.default\">\n\t\t\t\t<div class=\"elementor-widget-container\">\n\t\t\t\t\t\t\t\t\t\t\t\t<figure class=\"wp-caption\">\n\t\t\t\t\t\t\t\t\t\t<img width=\"1024\" height=\"768\" src=\"https:\/\/tecss-bc.eu\/wp-content\/uploads\/2021\/03\/porte-ditec-1-1024x768.jpg\" class=\"elementor-animation-shrink attachment-large size-large wp-image-568\" alt=\"\" loading=\"lazy\" srcset=\"https:\/\/tecss-bc.eu\/wp-content\/uploads\/2021\/03\/porte-ditec-1-1024x768.jpg 1024w, https:\/\/tecss-bc.eu\/wp-content\/uploads\/2021\/03\/porte-ditec-1-300x225.jpg 300w, https:\/\/tecss-bc.eu\/wp-content\/uploads\/2021\/03\/porte-ditec-1-768x576.jpg 768w, https:\/\/tecss-bc.eu\/wp-content\/uploads\/2021\/03\/porte-ditec-1.jpg 1452w\" sizes=\"(max-width: 1024px) 100vw, 1024px\" \/>\t\t\t\t\t\t\t\t\t\t\t<figcaption class=\"widget-image-caption wp-caption-text\">Tecss-b&amp;c<\/figcaption>\n\t\t\t\t\t\t\t\t\t\t<\/figure>\n\t\t\t\t\t\t\t\t\t<\/div>\n\t\t\t\t<\/div>\n\t\t\t\t\t<\/div>\n\t\t<\/div>\n\t\t\t\t<div class=\"elementor-column elementor-col-33 elementor-top-column elementor-element elementor-element-2ebb5c5\" data-id=\"2ebb5c5\" data-element_type=\"column\">\n\t\t\t<div class=\"elementor-widget-wrap elementor-element-populated\">\n\t\t\t\t\t\t\t\t<div class=\"elementor-element elementor-element-07a465c elementor-widget elementor-widget-image\" data-id=\"07a465c\" data-element_type=\"widget\" data-widget_type=\"image.default\">\n\t\t\t\t<div class=\"elementor-widget-container\">\n\t\t\t\t\t\t\t\t\t\t\t\t<figure class=\"wp-caption\">\n\t\t\t\t\t\t\t\t\t\t<img width=\"1024\" height=\"768\" src=\"https:\/\/tecss-bc.eu\/wp-content\/uploads\/2021\/03\/Pass-Box-3-portes-1024x768.jpg\" class=\"elementor-animation-shrink attachment-large size-large wp-image-505\" alt=\"\" loading=\"lazy\" srcset=\"https:\/\/tecss-bc.eu\/wp-content\/uploads\/2021\/03\/Pass-Box-3-portes-1024x768.jpg 1024w, https:\/\/tecss-bc.eu\/wp-content\/uploads\/2021\/03\/Pass-Box-3-portes-300x225.jpg 300w, https:\/\/tecss-bc.eu\/wp-content\/uploads\/2021\/03\/Pass-Box-3-portes-768x576.jpg 768w, https:\/\/tecss-bc.eu\/wp-content\/uploads\/2021\/03\/Pass-Box-3-portes-1536x1152.jpg 1536w, https:\/\/tecss-bc.eu\/wp-content\/uploads\/2021\/03\/Pass-Box-3-portes-2048x1536.jpg 2048w\" sizes=\"(max-width: 1024px) 100vw, 1024px\" \/>\t\t\t\t\t\t\t\t\t\t\t<figcaption class=\"widget-image-caption wp-caption-text\">Tecss-b&amp;c<\/figcaption>\n\t\t\t\t\t\t\t\t\t\t<\/figure>\n\t\t\t\t\t\t\t\t\t<\/div>\n\t\t\t\t<\/div>\n\t\t\t\t\t<\/div>\n\t\t<\/div>\n\t\t\t\t\t\t\t<\/div>\n\t\t<\/section>\n\t\t\t\t<section class=\"elementor-section elementor-top-section elementor-element elementor-element-2f15e1c elementor-section-boxed elementor-section-height-default elementor-section-height-default\" data-id=\"2f15e1c\" data-element_type=\"section\">\n\t\t\t\t\t\t<div class=\"elementor-container elementor-column-gap-default\">\n\t\t\t\t\t<div class=\"elementor-column elementor-col-100 elementor-top-column elementor-element elementor-element-93befc1\" data-id=\"93befc1\" data-element_type=\"column\">\n\t\t\t<div class=\"elementor-widget-wrap elementor-element-populated\">\n\t\t\t\t\t\t\t\t<div class=\"elementor-element elementor-element-81e4327 elementor-widget-divider--view-line elementor-widget elementor-widget-divider\" data-id=\"81e4327\" data-element_type=\"widget\" data-widget_type=\"divider.default\">\n\t\t\t\t<div class=\"elementor-widget-container\">\n\t\t\t\t\t<div class=\"elementor-divider\">\n\t\t\t<span class=\"elementor-divider-separator\">\n\t\t\t\t\t\t<\/span>\n\t\t<\/div>\n\t\t\t\t<\/div>\n\t\t\t\t<\/div>\n\t\t\t\t\t<\/div>\n\t\t<\/div>\n\t\t\t\t\t\t\t<\/div>\n\t\t<\/section>\n\t\t\t\t<section class=\"elementor-section elementor-top-section elementor-element elementor-element-783fd35c elementor-section-content-middle elementor-section-boxed elementor-section-height-default elementor-section-height-default\" data-id=\"783fd35c\" data-element_type=\"section\" data-settings=\"{&quot;background_background&quot;:&quot;classic&quot;}\">\n\t\t\t\t\t\t<div class=\"elementor-container elementor-column-gap-no\">\n\t\t\t\t\t<div class=\"elementor-column elementor-col-50 elementor-top-column elementor-element elementor-element-6d104c93\" data-id=\"6d104c93\" data-element_type=\"column\">\n\t\t\t<div class=\"elementor-widget-wrap elementor-element-populated\">\n\t\t\t\t\t\t\t\t<div class=\"elementor-element elementor-element-1ddbf994 elementor-widget elementor-widget-heading\" data-id=\"1ddbf994\" data-element_type=\"widget\" data-widget_type=\"heading.default\">\n\t\t\t\t<div class=\"elementor-widget-container\">\n\t\t\t<h1 class=\"elementor-heading-title elementor-size-large\"><h2 style=\"margin-top: 25px; margin-bottom: 20px; padding: 0px; border: 0px; outline: 0px; font-size: 1.375rem; vertical-align: baseline; background: rgb(255, 255, 255); font-family: Roboto, Arial, sans-serif; color: rgb(39, 40, 42); line-height: 25px; letter-spacing: normal; white-space: normal;\"><i>LES SOLUTIONS&nbsp;<strong style=\"margin: 0px; padding: 0px; border: 0px; outline: 0px; vertical-align: baseline; background: transparent;\">SUR MESURE<\/strong>&nbsp;SONT NOTRE SP\u00c9CIALIT\u00c9!<\/i><\/h2><\/h1>\t\t<\/div>\n\t\t\t\t<\/div>\n\t\t\t\t<div class=\"elementor-element elementor-element-3f70b466 elementor-shape-circle elementor-grid-6 e-grid-align-center elementor-widget elementor-widget-social-icons\" data-id=\"3f70b466\" data-element_type=\"widget\" data-widget_type=\"social-icons.default\">\n\t\t\t\t<div class=\"elementor-widget-container\">\n\t\t\t\t\t<div class=\"elementor-social-icons-wrapper elementor-grid\">\n\t\t\t\t\t\t\t<span class=\"elementor-grid-item\">\n\t\t\t\t\t<a class=\"elementor-icon elementor-social-icon elementor-social-icon-facebook elementor-animation-grow elementor-repeater-item-31bb9d7\" href=\"https:\/\/www.facebook.com\/TECSS-BC-111033850716181\/\" target=\"_blank\" rel=\"nofollow\">\n\t\t\t\t\t\t<span class=\"elementor-screen-only\">Facebook<\/span>\n\t\t\t\t\t\t<i class=\"fab fa-facebook\"><\/i>\t\t\t\t\t<\/a>\n\t\t\t\t<\/span>\n\t\t\t\t\t\t\t<span class=\"elementor-grid-item\">\n\t\t\t\t\t<a class=\"elementor-icon elementor-social-icon elementor-social-icon-twitter elementor-animation-grow elementor-repeater-item-57ad147\" target=\"_blank\">\n\t\t\t\t\t\t<span class=\"elementor-screen-only\">Twitter<\/span>\n\t\t\t\t\t\t<i class=\"fab fa-twitter\"><\/i>\t\t\t\t\t<\/a>\n\t\t\t\t<\/span>\n\t\t\t\t\t<\/div>\n\t\t\t\t<\/div>\n\t\t\t\t<\/div>\n\t\t\t\t\t<\/div>\n\t\t<\/div>\n\t\t\t\t<div class=\"elementor-column elementor-col-50 elementor-top-column elementor-element elementor-element-7717ffa7\" data-id=\"7717ffa7\" data-element_type=\"column\">\n\t\t\t<div class=\"elementor-widget-wrap elementor-element-populated\">\n\t\t\t\t\t\t\t\t<div class=\"elementor-element elementor-element-2415420 elementor-widget-divider--view-line elementor-widget elementor-widget-divider\" data-id=\"2415420\" data-element_type=\"widget\" data-widget_type=\"divider.default\">\n\t\t\t\t<div class=\"elementor-widget-container\">\n\t\t\t\t\t<div class=\"elementor-divider\">\n\t\t\t<span class=\"elementor-divider-separator\">\n\t\t\t\t\t\t<\/span>\n\t\t<\/div>\n\t\t\t\t<\/div>\n\t\t\t\t<\/div>\n\t\t\t\t<section class=\"elementor-section elementor-inner-section elementor-element elementor-element-2d4995a1 elementor-section-content-middle elementor-reverse-mobile elementor-section-boxed elementor-section-height-default elementor-section-height-default\" data-id=\"2d4995a1\" data-element_type=\"section\">\n\t\t\t\t\t\t<div class=\"elementor-container elementor-column-gap-default\">\n\t\t\t\t\t<div class=\"elementor-column elementor-col-66 elementor-inner-column elementor-element elementor-element-65df10fa\" data-id=\"65df10fa\" data-element_type=\"column\">\n\t\t\t<div class=\"elementor-widget-wrap elementor-element-populated\">\n\t\t\t\t\t\t\t\t<div class=\"elementor-element elementor-element-536827f0 elementor-widget elementor-widget-text-editor\" data-id=\"536827f0\" data-element_type=\"widget\" data-widget_type=\"text-editor.default\">\n\t\t\t\t<div class=\"elementor-widget-container\">\n\t\t\t\t\t\t\t<p><strong><em><span style=\"text-decoration: underline;\">TECSS-B&amp;C<\/span> est un fabricant de salles blanches avec des ann\u00e9es d\u2019exp\u00e9rience dans les technologies de traitement de l\u2019air et la fabrication d\u2019environnements contr\u00f4l\u00e9s. Notre \u00e9quipe interne de sp\u00e9cialistes vous conseillera et vous accompagnera de la conception initiale \u00e0 la mise en service de votre salle blanche.<\/em><\/strong><\/p>\t\t\t\t\t\t<\/div>\n\t\t\t\t<\/div>\n\t\t\t\t\t<\/div>\n\t\t<\/div>\n\t\t\t\t<div class=\"elementor-column elementor-col-33 elementor-inner-column elementor-element elementor-element-69b657b1\" data-id=\"69b657b1\" data-element_type=\"column\">\n\t\t\t<div class=\"elementor-widget-wrap elementor-element-populated\">\n\t\t\t\t\t\t\t\t<div class=\"elementor-element elementor-element-4a1de053 elementor-widget elementor-widget-heading\" data-id=\"4a1de053\" data-element_type=\"widget\" data-widget_type=\"heading.default\">\n\t\t\t\t<div class=\"elementor-widget-container\">\n\t\t\t<h4 class=\"elementor-heading-title elementor-size-default\">Un RDV<\/h4>\t\t<\/div>\n\t\t\t\t<\/div>\n\t\t\t\t<div class=\"elementor-element elementor-element-4ac8ffbb elementor-widget elementor-widget-text-editor\" data-id=\"4ac8ffbb\" data-element_type=\"widget\" data-widget_type=\"text-editor.default\">\n\t\t\t\t<div class=\"elementor-widget-container\">\n\t\t\t\t\t\t\t<p><a href=\"mailto:info@tecss-bc.eu\">CONTACT<\/a><\/p>\t\t\t\t\t\t<\/div>\n\t\t\t\t<\/div>\n\t\t\t\t\t<\/div>\n\t\t<\/div>\n\t\t\t\t\t\t\t<\/div>\n\t\t<\/section>\n\t\t\t\t\t<\/div>\n\t\t<\/div>\n\t\t\t\t\t\t\t<\/div>\n\t\t<\/section>\n\t\t\t\t<section class=\"elementor-section elementor-top-section elementor-element elementor-element-148f45a elementor-section-boxed elementor-section-height-default elementor-section-height-default\" data-id=\"148f45a\" data-element_type=\"section\">\n\t\t\t\t\t\t<div class=\"elementor-container elementor-column-gap-default\">\n\t\t\t\t\t<div class=\"elementor-column elementor-col-100 elementor-top-column elementor-element elementor-element-0821f84\" data-id=\"0821f84\" data-element_type=\"column\">\n\t\t\t<div class=\"elementor-widget-wrap elementor-element-populated\">\n\t\t\t\t\t\t\t\t<div class=\"elementor-element elementor-element-167b421 elementor-widget-divider--view-line elementor-widget elementor-widget-divider\" data-id=\"167b421\" data-element_type=\"widget\" data-widget_type=\"divider.default\">\n\t\t\t\t<div class=\"elementor-widget-container\">\n\t\t\t\t\t<div class=\"elementor-divider\">\n\t\t\t<span class=\"elementor-divider-separator\">\n\t\t\t\t\t\t<\/span>\n\t\t<\/div>\n\t\t\t\t<\/div>\n\t\t\t\t<\/div>\n\t\t\t\t\t<\/div>\n\t\t<\/div>\n\t\t\t\t\t\t\t<\/div>\n\t\t<\/section>\n\t\t\t\t<section class=\"elementor-section elementor-top-section elementor-element elementor-element-78512a18 elementor-section-content-middle elementor-section-boxed elementor-section-height-default elementor-section-height-default\" data-id=\"78512a18\" data-element_type=\"section\" data-settings=\"{&quot;background_background&quot;:&quot;classic&quot;}\">\n\t\t\t\t\t\t<div class=\"elementor-container elementor-column-gap-no\">\n\t\t\t\t\t<div class=\"elementor-column elementor-col-100 elementor-top-column elementor-element elementor-element-1e407c8c\" data-id=\"1e407c8c\" data-element_type=\"column\">\n\t\t\t<div class=\"elementor-widget-wrap elementor-element-populated\">\n\t\t\t\t\t\t\t\t<div class=\"elementor-element elementor-element-62e490d0 elementor-widget elementor-widget-heading\" data-id=\"62e490d0\" data-element_type=\"widget\" data-widget_type=\"heading.default\">\n\t\t\t\t<div class=\"elementor-widget-container\">\n\t\t\t<h6 class=\"elementor-heading-title elementor-size-default\">Contact<\/h6>\t\t<\/div>\n\t\t\t\t<\/div>\n\t\t\t\t<div class=\"elementor-element elementor-element-76dcebb5 elementor-widget elementor-widget-heading\" data-id=\"76dcebb5\" data-element_type=\"widget\" data-widget_type=\"heading.default\">\n\t\t\t\t<div class=\"elementor-widget-container\">\n\t\t\t<h6 class=\"elementor-heading-title elementor-size-default\">+32 471 76 13 04<\/h6>\t\t<\/div>\n\t\t\t\t<\/div>\n\t\t\t\t<div class=\"elementor-element elementor-element-1c3e63be elementor-widget elementor-widget-heading\" data-id=\"1c3e63be\" data-element_type=\"widget\" data-widget_type=\"heading.default\">\n\t\t\t\t<div class=\"elementor-widget-container\">\n\t\t\t<h3 class=\"elementor-heading-title elementor-size-default\">Avenue BRUGMANN 563 - 1180 UCCLE<\/h3>\t\t<\/div>\n\t\t\t\t<\/div>\n\t\t\t\t<div class=\"elementor-element elementor-element-368d99c3 elementor-widget elementor-widget-google_maps\" data-id=\"368d99c3\" data-element_type=\"widget\" data-widget_type=\"google_maps.default\">\n\t\t\t\t<div class=\"elementor-widget-container\">\n\t\t\t\t\t<div class=\"elementor-custom-embed\">\n\t\t\t<iframe loading=\"lazy\"\n\t\t\t\t\tsrc=\"https:\/\/maps.google.com\/maps?q=Avenue%20Brugmann%20563%2C%201180%20Uccle&#038;t=m&#038;z=17&#038;output=embed&#038;iwloc=near\"\n\t\t\t\t\ttitle=\"Avenue Brugmann 563, 1180 Uccle\"\n\t\t\t\t\taria-label=\"Avenue Brugmann 563, 1180 Uccle\"\n\t\t\t><\/iframe>\n\t\t<\/div>\n\t\t\t\t<\/div>\n\t\t\t\t<\/div>\n\t\t\t\t<div class=\"elementor-element elementor-element-e15334f elementor-shape-rounded elementor-grid-0 e-grid-align-center elementor-widget elementor-widget-social-icons\" data-id=\"e15334f\" data-element_type=\"widget\" data-widget_type=\"social-icons.default\">\n\t\t\t\t<div class=\"elementor-widget-container\">\n\t\t\t\t\t<div class=\"elementor-social-icons-wrapper elementor-grid\">\n\t\t\t\t\t\t\t<span class=\"elementor-grid-item\">\n\t\t\t\t\t<a class=\"elementor-icon elementor-social-icon elementor-social-icon-facebook-f elementor-animation-grow elementor-repeater-item-9c86cde\" href=\"https:\/\/www.facebook.com\/TECSS-BC-111033850716181\/\" target=\"_blank\">\n\t\t\t\t\t\t<span class=\"elementor-screen-only\">Facebook-f<\/span>\n\t\t\t\t\t\t<i class=\"fab fa-facebook-f\"><\/i>\t\t\t\t\t<\/a>\n\t\t\t\t<\/span>\n\t\t\t\t\t<\/div>\n\t\t\t\t<\/div>\n\t\t\t\t<\/div>\n\t\t\t\t\t<\/div>\n\t\t<\/div>\n\t\t\t\t\t\t\t<\/div>\n\t\t<\/section>\n\t\t\t\t<section class=\"elementor-section elementor-top-section elementor-element elementor-element-5a118d4 elementor-section-boxed elementor-section-height-default elementor-section-height-default\" data-id=\"5a118d4\" data-element_type=\"section\">\n\t\t\t\t\t\t<div class=\"elementor-container elementor-column-gap-default\">\n\t\t\t\t\t<div class=\"elementor-column elementor-col-100 elementor-top-column elementor-element elementor-element-7b75a55\" data-id=\"7b75a55\" data-element_type=\"column\">\n\t\t\t<div class=\"elementor-widget-wrap elementor-element-populated\">\n\t\t\t\t\t\t\t\t<div class=\"elementor-element elementor-element-33f9422 elementor-widget-divider--view-line elementor-widget elementor-widget-divider\" data-id=\"33f9422\" data-element_type=\"widget\" data-widget_type=\"divider.default\">\n\t\t\t\t<div class=\"elementor-widget-container\">\n\t\t\t\t\t<div class=\"elementor-divider\">\n\t\t\t<span class=\"elementor-divider-separator\">\n\t\t\t\t\t\t<\/span>\n\t\t<\/div>\n\t\t\t\t<\/div>\n\t\t\t\t<\/div>\n\t\t\t\t\t<\/div>\n\t\t<\/div>\n\t\t\t\t\t\t\t<\/div>\n\t\t<\/section>\n\t\t\t\t\t\t\t<\/div>\n\t\t","protected":false},"excerpt":{"rendered":"<p>La norme ISO 14644-1 Mobilier adapt\u00e9 &#8211; TECSS-B&#038;C Salle blanche La salle blanche est en fait une salle propre qui r\u00e9pond \u00e0 la norme ISO 14644-1. Il s&rsquo;agit d&rsquo;une pi\u00e8ce ou d&rsquo;une s\u00e9rie de pi\u00e8ces o\u00f9 la concentration particulaire est minimale et ma\u00eetris\u00e9e. On retrouve ce type de pi\u00e8ce g\u00e9n\u00e9rale au niveau industriel ou au [&hellip;]<\/p>\n","protected":false},"author":1,"featured_media":0,"parent":0,"menu_order":0,"comment_status":"closed","ping_status":"closed","template":"","meta":[],"_links":{"self":[{"href":"https:\/\/tecss-bc.eu\/index.php?rest_route=\/wp\/v2\/pages\/191"}],"collection":[{"href":"https:\/\/tecss-bc.eu\/index.php?rest_route=\/wp\/v2\/pages"}],"about":[{"href":"https:\/\/tecss-bc.eu\/index.php?rest_route=\/wp\/v2\/types\/page"}],"author":[{"embeddable":true,"href":"https:\/\/tecss-bc.eu\/index.php?rest_route=\/wp\/v2\/users\/1"}],"replies":[{"embeddable":true,"href":"https:\/\/tecss-bc.eu\/index.php?rest_route=%2Fwp%2Fv2%2Fcomments&post=191"}],"version-history":[{"count":74,"href":"https:\/\/tecss-bc.eu\/index.php?rest_route=\/wp\/v2\/pages\/191\/revisions"}],"predecessor-version":[{"id":633,"href":"https:\/\/tecss-bc.eu\/index.php?rest_route=\/wp\/v2\/pages\/191\/revisions\/633"}],"wp:attachment":[{"href":"https:\/\/tecss-bc.eu\/index.php?rest_route=%2Fwp%2Fv2%2Fmedia&parent=191"}],"curies":[{"name":"wp","href":"https:\/\/api.w.org\/{rel}","templated":true}]}}