{"id":3,"date":"2021-02-09T16:51:40","date_gmt":"2021-02-09T15:51:40","guid":{"rendered":"http:\/\/tecss-bc.eu\/?page_id=3"},"modified":"2021-03-17T23:43:18","modified_gmt":"2021-03-17T22:43:18","slug":"politique-de-confidentialite","status":"publish","type":"page","link":"https:\/\/tecss-bc.eu\/?page_id=3","title":{"rendered":"Politique de confidentialit\u00e9"},"content":{"rendered":"\t\t<div data-elementor-type=\"wp-page\" data-elementor-id=\"3\" class=\"elementor elementor-3\">\n\t\t\t\t\t\t\t\t\t<section class=\"elementor-section elementor-top-section elementor-element elementor-element-e3dcaf2 elementor-section-boxed elementor-section-height-default elementor-section-height-default\" data-id=\"e3dcaf2\" data-element_type=\"section\">\n\t\t\t\t\t\t<div class=\"elementor-container elementor-column-gap-default\">\n\t\t\t\t\t<div class=\"elementor-column elementor-col-100 elementor-top-column elementor-element elementor-element-3bd9b39\" data-id=\"3bd9b39\" data-element_type=\"column\">\n\t\t\t<div class=\"elementor-widget-wrap elementor-element-populated\">\n\t\t\t\t\t\t\t\t<div class=\"elementor-element elementor-element-16139f9 elementor-widget elementor-widget-image\" data-id=\"16139f9\" data-element_type=\"widget\" data-widget_type=\"image.default\">\n\t\t\t\t<div class=\"elementor-widget-container\">\n\t\t\t\t\t\t\t\t\t\t\t\t\t\t\t<img width=\"500\" height=\"290\" src=\"https:\/\/tecss-bc.eu\/wp-content\/uploads\/2021\/03\/unnamed.jpg\" class=\"attachment-large size-large wp-image-296\" alt=\"\" loading=\"lazy\" srcset=\"https:\/\/tecss-bc.eu\/wp-content\/uploads\/2021\/03\/unnamed.jpg 500w, https:\/\/tecss-bc.eu\/wp-content\/uploads\/2021\/03\/unnamed-300x174.jpg 300w\" sizes=\"(max-width: 500px) 100vw, 500px\" \/>\t\t\t\t\t\t\t\t\t\t\t\t\t\t\t<\/div>\n\t\t\t\t<\/div>\n\t\t\t\t\t<\/div>\n\t\t<\/div>\n\t\t\t\t\t\t\t<\/div>\n\t\t<\/section>\n\t\t\t\t<section class=\"elementor-section elementor-top-section elementor-element elementor-element-3988df95 elementor-section-boxed elementor-section-height-default elementor-section-height-default\" data-id=\"3988df95\" data-element_type=\"section\">\n\t\t\t\t\t\t<div class=\"elementor-container elementor-column-gap-default\">\n\t\t\t\t\t<div class=\"elementor-column elementor-col-100 elementor-top-column elementor-element elementor-element-690aa9ef\" data-id=\"690aa9ef\" data-element_type=\"column\">\n\t\t\t<div class=\"elementor-widget-wrap elementor-element-populated\">\n\t\t\t\t\t\t\t\t<div class=\"elementor-element elementor-element-48628c81 elementor-widget elementor-widget-text-editor\" data-id=\"48628c81\" data-element_type=\"widget\" data-widget_type=\"text-editor.default\">\n\t\t\t\t<div class=\"elementor-widget-container\">\n\t\t\t\t\t\t\t<h3><!-- wp:paragraph --><\/h3>\n<p>L\u2019adresse de notre site Web est :\u00a0<a href=\"http:\/\/www.tecss-bc.eu\">http:\/\/www.tecss-bc.eu<\/a><\/p>\n<!-- \/wp:paragraph --><!-- wp:heading {\"level\":3} -->\n<h3>Utilisation des donn\u00e9es personnelles collect\u00e9es<\/h3>\n<!-- \/wp:heading --><!-- wp:heading {\"level\":5} -->\n<h5>Commentaires<\/h5>\n<!-- \/wp:heading --><!-- wp:paragraph {\"style\":{\"typography\":{\"fontSize\":12}}} -->\n<p style=\"font-size: 12px;\">Quand vous laissez un commentaire sur notre site web, les donn\u00e9es inscrites dans le formulaire de commentaire, mais aussi votre adresse IP et l\u2019agent utilisateur de votre navigateur sont collect\u00e9s pour nous aider \u00e0 la d\u00e9tection des commentaires ind\u00e9sirables.<\/p>\n<!-- \/wp:paragraph --><!-- wp:paragraph {\"style\":{\"typography\":{\"fontSize\":12}}} -->\n<p style=\"font-size: 12px;\">Une cha\u00eene anonymis\u00e9e cr\u00e9\u00e9e \u00e0 partir de votre adresse de messagerie (\u00e9galement appel\u00e9e hash) peut \u00eatre envoy\u00e9e au service Gravatar pour v\u00e9rifier si vous utilisez ce dernier. Les clauses de confidentialit\u00e9 du service Gravatar sont disponibles ici\u00a0: https:\/\/automattic.com\/privacy\/. Apr\u00e8s validation de votre commentaire, votre photo de profil sera visible publiquement \u00e0 cot\u00e9 de votre commentaire.<\/p>\n<!-- \/wp:paragraph --><!-- wp:heading {\"level\":5} -->\n<h5>Cookies<\/h5>\n<!-- \/wp:heading --><!-- wp:paragraph {\"style\":{\"typography\":{\"fontSize\":12}}} -->\n<p style=\"font-size: 12px;\">Si vous d\u00e9posez un commentaire sur notre site, il vous sera propos\u00e9 d\u2019enregistrer votre nom, adresse de messagerie et site web dans des cookies. C\u2019est uniquement pour votre confort afin de ne pas avoir \u00e0 saisir ces informations si vous d\u00e9posez un autre commentaire plus tard. Ces cookies expirent au bout d\u2019un an.<\/p>\n<!-- \/wp:paragraph --><!-- wp:paragraph {\"style\":{\"typography\":{\"fontSize\":12}}} -->\n<p style=\"font-size: 12px;\">En modifiant ou en publiant un article, un cookie suppl\u00e9mentaire sera enregistr\u00e9 dans votre navigateur. Ce cookie ne comprend aucune donn\u00e9e personnelle. Il indique simplement l\u2019identifiant de l\u2019article que vous venez de modifier. Il expire au bout d\u2019un jour.<\/p>\n<!-- \/wp:paragraph --><!-- wp:heading {\"level\":5} -->\n<h5>Contenu embarqu\u00e9 depuis d\u2019autres sites<\/h5>\n<!-- \/wp:heading --><!-- wp:paragraph {\"style\":{\"typography\":{\"fontSize\":12}}} -->\n<p style=\"font-size: 12px;\">Les articles de ce site peuvent inclure des contenus int\u00e9gr\u00e9s (par exemple des vid\u00e9os, images, articles\u2026). Le contenu int\u00e9gr\u00e9 depuis d\u2019autres sites se comporte de la m\u00eame mani\u00e8re que si le visiteur se rendait sur cet autre site.<\/p>\n<!-- \/wp:paragraph --><!-- wp:paragraph {\"style\":{\"typography\":{\"fontSize\":12}}} -->\n<p style=\"font-size: 12px;\">Ces sites web pourraient collecter des donn\u00e9es sur vous, utiliser des cookies, embarquer des outils de suivis tiers, suivre vos interactions avec ces contenus embarqu\u00e9s si vous disposez d\u2019un compte connect\u00e9 sur leur site web.<\/p>\n<!-- \/wp:paragraph --><!-- wp:heading {\"level\":3} -->\n<h3>Utilisation et transmission de vos donn\u00e9es personnelles<\/h3>\n<!-- \/wp:heading --><!-- wp:heading {\"level\":3} -->\n<h3>Dur\u00e9es de stockage de vos donn\u00e9es<\/h3>\n<!-- \/wp:heading --><!-- wp:paragraph {\"style\":{\"typography\":{\"fontSize\":12}}} -->\n<p style=\"font-size: 12px;\">Si vous laissez un commentaire, le commentaire et ses m\u00e9tadonn\u00e9es sont conserv\u00e9s ind\u00e9finiment. Cela permet de reconna\u00eetre et approuver automatiquement les commentaires suivants au lieu de les laisser dans la file de mod\u00e9ration.<\/p>\n<!-- \/wp:paragraph --><!-- wp:heading {\"level\":3} -->\n<h3>Les droits que vous avez sur vos donn\u00e9es<\/h3>\n<!-- \/wp:heading --><!-- wp:paragraph {\"style\":{\"typography\":{\"fontSize\":12}}} -->\n<p style=\"font-size: 12px;\">Si vous avez laiss\u00e9 des commentaires sur le site, vous pouvez demander \u00e0 recevoir un fichier contenant toutes les donn\u00e9es personnelles que nous poss\u00e9dons \u00e0 votre sujet, incluant celles que vous nous avez fournies. Vous pouvez \u00e9galement demander la suppression des donn\u00e9es personnelles vous concernant. Cela ne prend pas en compte les donn\u00e9es stock\u00e9es \u00e0 des fins administratives, l\u00e9gales ou pour des raisons de s\u00e9curit\u00e9.<\/p>\n<!-- \/wp:paragraph --><!-- wp:paragraph {\"style\":{\"typography\":{\"fontSize\":12}}} -->\n<p style=\"font-size: 12px;\">La loi europ\u00e9enne de protection des donn\u00e9es n\u00e9cessite que les donn\u00e9es de r\u00e9sidents europ\u00e9ens transf\u00e9r\u00e9es en dehors de l\u2019Union Europ\u00e9enne soient prot\u00e9g\u00e9es dans les m\u00eames conditions que si elles \u00e9taient en Europe.<\/p>\n<!-- \/wp:paragraph --><!-- wp:heading {\"level\":3} -->\n<h3>Transmission de vos donn\u00e9es personnelles<\/h3>\n<!-- \/wp:heading --><!-- wp:paragraph {\"style\":{\"typography\":{\"fontSize\":12}}} -->\n<p style=\"font-size: 12px;\">Les commentaires des visiteurs peuvent \u00eatre v\u00e9rifi\u00e9s \u00e0 l\u2019aide d\u2019un service automatis\u00e9 de d\u00e9tection des commentaires ind\u00e9sirables.<\/p>\n<!-- \/wp:paragraph --><!-- wp:heading {\"level\":3} -->\n<h3>Informations de contact<\/h3>\n<!-- \/wp:heading --><!-- wp:paragraph {\"style\":{\"typography\":{\"fontSize\":12}},\"textColor\":\"luminous-vivid-orange\"} -->\n<p class=\"has-luminous-vivid-orange-color has-text-color\" style=\"font-size: 12px;\"><strong>info@tecss-bc.eu<\/strong><\/p>\n<!-- \/wp:paragraph --><!-- wp:heading {\"level\":3} -->\n<h3>Informations suppl\u00e9mentaires<\/h3>\n<!-- \/wp:heading --><!-- wp:heading {\"level\":3} -->\n<h3>Comment nous prot\u00e9geons vos donn\u00e9es<\/h3>\n<!-- \/wp:heading --><!-- wp:heading {\"level\":3} -->\n<h3>Proc\u00e9dures mises en \u0153uvre en cas de fuite de donn\u00e9es<\/h3>\n<!-- \/wp:heading --><!-- wp:paragraph {\"style\":{\"typography\":{\"fontSize\":12}}} -->\n<p style=\"font-size: 12px;\">Si nous devions \u00eatre confronter \u00e0 une violation de donn\u00e9es, (par ex, le syst\u00e8me est hack\u00e9 et nos donn\u00e9es sont vol\u00e9es), nous sommes tenus de respecter un devoir de communication (promptement ou end\u00e9ans, en tout cas, les 72 heures) qui suivent le moment du constat.<\/p>\n<!-- \/wp:paragraph --><!-- wp:group -->\n<div class=\"wp-block-group\">\n<div class=\"wp-block-group__inner-container\"><!-- wp:list -->\n<ul>\n<li>Obligation de notification \u00e0 la Commission Vie priv\u00e9e, (art. 33 RGPD)<\/li>\n<\/ul>\n<!-- \/wp:list --><!-- wp:paragraph {\"style\":{\"typography\":{\"fontSize\":12}}} -->\n<p style=\"font-size: 12px;\">En cas de violation de donn\u00e9es \u00e0 caract\u00e8re personnel, nous devons notifier cette violation \u00e0 la Commission Vie priv\u00e9e, dans les 72 heures apr\u00e8s en avoir pris connaissance si la violation en question est susceptible de g\u00e9n\u00e9rer un risque pour les droits et libert\u00e9s des personnes physiques. Par exemple, une violation du secret professionnel.<\/p>\n<!-- \/wp:paragraph --><!-- wp:list -->\n<ul>\n<li>Communication \u00e0 la personne concern\u00e9e (art. 34 RGPD)<\/li>\n<\/ul>\n<!-- \/wp:list --><!-- wp:paragraph {\"style\":{\"typography\":{\"fontSize\":12}}} -->\n<p style=\"font-size: 12px;\">Lorsque la violation de ses donn\u00e9es personnelles est susceptible de pr\u00e9senter un risque \u00e9lev\u00e9 pour les droits et libert\u00e9s de la personne concern\u00e9e, il est indubitable qu\u2019il doit en \u00eatre averti dans les meilleurs d\u00e9lais. (Donn\u00e9es bancaire, par exemple)<\/p>\n<!-- \/wp:paragraph --><!-- wp:paragraph {\"style\":{\"typography\":{\"fontSize\":12}}} -->\n<p style=\"font-size: 12px;\">La notification \u00e0 la Commission vie priv\u00e9e et la communication a la personne concern\u00e9e doit comporter une s\u00e9rie de donn\u00e9es (voyez la page sp\u00e9cifique sur le site de la Commission vie priv\u00e9e). Vous \u00eates \u00e9galement oblig\u00e9 d\u2019\u00e9tablir un r\u00e9capitulatif d\u00e9taill\u00e9 de toutes les violations produites.<\/p>\n<!-- \/wp:paragraph --><!-- wp:paragraph -->\n<p><strong>Notification \u00e0 la Commission vie priv\u00e9e<\/strong><\/p>\n<!-- \/wp:paragraph --><!-- wp:list {\"style\":{\"typography\":{\"fontSize\":12}}} -->\n<ul style=\"font-size: 12px;\">\n<li><em>La notification \u00e0 la Commission vie priv\u00e9e se fait par le biais d\u2019un formulaire s\u00e9curis\u00e9 (notification-fuite-de-donn\u00e9es.pdf) qui doit \u00eatre envoy\u00e9 via l\u2019application formulaires \u00e9lectroniques<\/em><\/li>\n<\/ul>\n<!-- \/wp:list --><!-- wp:paragraph -->\n<p><strong><a href=\"https:\/\/www.autoriteprotectiondonnees.be\/notifier-une-fuite-de-donnees\">Notification de fuites de donn\u00e9es<\/a><\/strong><\/p>\n<!-- \/wp:paragraph --><!-- wp:list {\"style\":{\"typography\":{\"fontSize\":12}}} -->\n<ul style=\"font-size: 12px;\">\n<li><em>Nous trouverons davantage d\u2019explications dans le mode d\u2019emploi des formulaires \u00e9lectroniques \u00e0 l\u2019adresse suivante :<\/em><\/li>\n<\/ul>\n<!-- \/wp:list --><!-- wp:paragraph -->\n<p><em><strong><a href=\"https:\/\/www.autoriteprotectiondonnees.be\/publications\/mode-d-emploi-relatif-a-l-utilisation-de-formulaires-electroniques.pdf\">Mode d\u2019emploi des formulaires<\/a><\/strong><\/em><\/p>\n<!-- \/wp:paragraph --><!-- wp:paragraph -->\n<p><strong>Notification aux personnes concern\u00e9es<\/strong><\/p>\n<!-- \/wp:paragraph --><!-- wp:paragraph {\"style\":{\"typography\":{\"fontSize\":12}}} -->\n<p style=\"font-size: 12px;\">Le responsable du traitement de donn\u00e9es notifie la fuite de donn\u00e9es aux personnes concern\u00e9es par des moyens de communication qui garantissent une r\u00e9ception rapide de l\u2019information. S\u2019il est impossible d\u2019identifier les personnes pr\u00e9judicielles, le responsable peut informer ces personnes par le biais des m\u00e9dias, tout en cherchant \u00e0 retrouver l\u2019identit\u00e9 de ces personnes afin de pouvoir les informer \u00e9galement individuellement.<\/p>\n<!-- \/wp:paragraph --><!-- wp:paragraph {\"style\":{\"typography\":{\"fontSize\":12}}} -->\n<p style=\"font-size: 12px;\">La notification aux personnes concern\u00e9es est r\u00e9dig\u00e9e dans un langage clair et ais\u00e9ment compr\u00e9hensible. La Commission vie priv\u00e9e recommande de fournir au moins les informations suivantes :<\/p>\n<!-- \/wp:paragraph --><!-- wp:list {\"style\":{\"typography\":{\"fontSize\":12}}} -->\n<ul style=\"font-size: 12px;\">\n<li>Le nom du responsable du traitement de donn\u00e9es ;<\/li>\n<li>Les coordonn\u00e9es d\u2019un point de contact aupr\u00e8s duquel des informations suppl\u00e9mentaires peuvent \u00eatre obtenues ;<\/li>\n<li>Un r\u00e9sum\u00e9 de l\u2019incident qui a port\u00e9 atteinte aux donn\u00e9es \u00e0 caract\u00e8re personnel ;<\/li>\n<li>La date pr\u00e9sum\u00e9e de l\u2019incident ;<\/li>\n<li>La nature et la teneur des donn\u00e9es \u00e0 caract\u00e8re personnel concern\u00e9es ;<\/li>\n<li>Les cons\u00e9quences vraisemblables de la fuite de donn\u00e9es pour les personnes concern\u00e9es ;<\/li>\n<li>Les circonstances de la fuite de donn\u00e9es ;<\/li>\n<li>Les mesures prises par le responsable pour rem\u00e9dier \u00e0 la fuite de donn\u00e9es ;<\/li>\n<li>Les mesures recommand\u00e9es par le responsable aux personnes concern\u00e9es pour att\u00e9nuer les pr\u00e9judices potentiels.<\/li>\n<\/ul>\n<!-- \/wp:list --><\/div>\n<\/div>\n<!-- \/wp:group -->\t\t\t\t\t\t<\/div>\n\t\t\t\t<\/div>\n\t\t\t\t\t<\/div>\n\t\t<\/div>\n\t\t\t\t\t\t\t<\/div>\n\t\t<\/section>\n\t\t\t\t\t\t\t<\/div>\n\t\t","protected":false},"excerpt":{"rendered":"<p>L\u2019adresse de notre site Web est :\u00a0http:\/\/www.tecss-bc.eu Utilisation des donn\u00e9es personnelles collect\u00e9es Commentaires Quand vous laissez un commentaire sur notre site web, les donn\u00e9es inscrites dans le formulaire de commentaire, mais aussi votre adresse IP et l\u2019agent utilisateur de votre navigateur sont collect\u00e9s pour nous aider \u00e0 la d\u00e9tection des commentaires ind\u00e9sirables. Une cha\u00eene anonymis\u00e9e [&hellip;]<\/p>\n","protected":false},"author":1,"featured_media":0,"parent":0,"menu_order":0,"comment_status":"closed","ping_status":"open","template":"","meta":[],"_links":{"self":[{"href":"https:\/\/tecss-bc.eu\/index.php?rest_route=\/wp\/v2\/pages\/3"}],"collection":[{"href":"https:\/\/tecss-bc.eu\/index.php?rest_route=\/wp\/v2\/pages"}],"about":[{"href":"https:\/\/tecss-bc.eu\/index.php?rest_route=\/wp\/v2\/types\/page"}],"author":[{"embeddable":true,"href":"https:\/\/tecss-bc.eu\/index.php?rest_route=\/wp\/v2\/users\/1"}],"replies":[{"embeddable":true,"href":"https:\/\/tecss-bc.eu\/index.php?rest_route=%2Fwp%2Fv2%2Fcomments&post=3"}],"version-history":[{"count":5,"href":"https:\/\/tecss-bc.eu\/index.php?rest_route=\/wp\/v2\/pages\/3\/revisions"}],"predecessor-version":[{"id":306,"href":"https:\/\/tecss-bc.eu\/index.php?rest_route=\/wp\/v2\/pages\/3\/revisions\/306"}],"wp:attachment":[{"href":"https:\/\/tecss-bc.eu\/index.php?rest_route=%2Fwp%2Fv2%2Fmedia&parent=3"}],"curies":[{"name":"wp","href":"https:\/\/api.w.org\/{rel}","templated":true}]}}